{"id":3149,"date":"2021-11-08T09:58:17","date_gmt":"2021-11-08T09:58:17","guid":{"rendered":"https:\/\/cassaniasfalti.it\/sistema-impermeabile-bituminoso-ad-elevata-riflettanza-solare\/"},"modified":"2022-12-21T11:23:26","modified_gmt":"2022-12-21T11:23:26","slug":"high-solar-reflectance-bituminous-waterproofing-system","status":"publish","type":"page","link":"https:\/\/cassaniasfalti.it\/en\/high-solar-reflectance-bituminous-waterproofing-system\/","title":{"rendered":"HIGH SOLAR REFLECTANCE BITUMINOUS WATERPROOFING SYSTEM"},"content":{"rendered":"<p>[et_pb_section fb_built=&#8221;1&#8243; admin_label=&#8221;Features&#8221; _builder_version=&#8221;4.9.3&#8243; background_color=&#8221;#000000&#8243; custom_padding=&#8221;27px||27px||false|false&#8221; global_colors_info=&#8221;{}&#8221;][et_pb_row _builder_version=&#8221;4.12.0&#8243; width=&#8221;65%&#8221; max_width=&#8221;1400px&#8221; custom_margin=&#8221;|||&#8221; custom_padding=&#8221;7px||5px|||&#8221; global_colors_info=&#8221;{}&#8221;][et_pb_column type=&#8221;4_4&#8243; _builder_version=&#8221;3.25&#8243; custom_padding=&#8221;|||&#8221; global_colors_info=&#8221;{}&#8221; custom_padding__hover=&#8221;|||&#8221;][et_pb_text _builder_version=&#8221;4.12.0&#8243; text_font=&#8221;Roboto|300|||||||&#8221; text_text_color=&#8221;#FFFFFF&#8221; text_font_size=&#8221;18px&#8221; text_line_height=&#8221;2em&#8221; header_font=&#8221;||||||||&#8221; header_2_font=&#8221;Roboto|300|||||||&#8221; header_2_text_color=&#8221;#FFFFFF&#8221; header_2_font_size=&#8221;42px&#8221; header_2_line_height=&#8221;1.5em&#8221; text_orientation=&#8221;center&#8221; text_font_size_tablet=&#8221;18px&#8221; text_font_size_phone=&#8221;15px&#8221; text_font_size_last_edited=&#8221;on|phone&#8221; header_2_font_size_tablet=&#8221;42px&#8221; header_2_font_size_phone=&#8221;25px&#8221; header_2_font_size_last_edited=&#8221;on|phone&#8221; locked=&#8221;off&#8221; global_colors_info=&#8221;{}&#8221;]<\/p>\n<h2>Sistema Impermeabile Bituminoso Ad Elevata Riflettanza Solare<\/h2>\n<p>Le membrane impermeabilizzante riflettenti sono caratterizzate da una speciale graniglia bianca e sono ideali per l\u2019applicazione su manti ove siano installati gli impianti fotovoltaici e trova specifico impiego nel campo dei \u2018COOL ROOF\u201d.<br \/>La propriet\u00e0 fondamentale di questa nuova membrana \u00e8 la capacit\u00e0 di riflettere l\u2019irradiazione solare, mantenendo gli ambienti interni freschi e confortevoli.<br \/>Se confrontata con una normale membrana nera, la speciale graniglia bianca permette un abbattimento della temperatura del tetto di oltre 40\u00b0C, limitando conseguentemente i costi di raffrescamento.<br \/>La sensibile riduzione di temperatura e l\u2019alta riflettivit\u00e0 delle membrane riflettenti migliorano l\u2019efficienza dell\u2019impianto fotovoltaico, sia per l\u2019incremento della luce diffusa e diretta, che per il raffreddamento dell\u2019aria attorno ai pannelli; contrariamente al surriscaldamento che ne compromette la resa energetica.<br \/>La membrana CONFERISCE CREDITI LEED<\/p>\n<p>[\/et_pb_text][\/et_pb_column][\/et_pb_row][\/et_pb_section][et_pb_section fb_built=&#8221;1&#8243; _builder_version=&#8221;4.11.4&#8243; _module_preset=&#8221;default&#8221; background_color=&#8221;#000000&#8243; custom_padding=&#8221;0px||0px|||&#8221; global_colors_info=&#8221;{}&#8221;][et_pb_row use_custom_gutter=&#8221;on&#8221; gutter_width=&#8221;1&#8243; make_equal=&#8221;on&#8221; custom_padding_last_edited=&#8221;on|phone&#8221; _builder_version=&#8221;4.12.0&#8243; _module_preset=&#8221;default&#8221; width=&#8221;95%&#8221; max_width=&#8221;1400px&#8221; custom_padding=&#8221;0px||50px||false|false&#8221; custom_padding_tablet=&#8221;0px||50px||false|false&#8221; custom_padding_phone=&#8221;||20px||false|false&#8221; global_colors_info=&#8221;{}&#8221;][et_pb_column type=&#8221;4_4&#8243; _builder_version=&#8221;4.11.4&#8243; _module_preset=&#8221;default&#8221; custom_padding=&#8221;|5px|||false|false&#8221; global_colors_info=&#8221;{}&#8221;][et_pb_image src=&#8221;https:\/\/cassaniasfalti.it\/wp-content\/uploads\/2021\/11\/modified-bitumen-riflettanza.jpg&#8221; align=&#8221;center&#8221; module_class=&#8221;image-zoom image-zoom-constrained&#8221; _builder_version=&#8221;4.12.0&#8243; _module_preset=&#8221;default&#8221; min_height=&#8221;800px&#8221; min_height_tablet=&#8221;800px&#8221; min_height_phone=&#8221;300px&#8221; min_height_last_edited=&#8221;on|phone&#8221; height=&#8221;500px&#8221; height_tablet=&#8221;500px&#8221; height_phone=&#8221;100px&#8221; height_last_edited=&#8221;on|phone&#8221; custom_margin=&#8221;||||false|false&#8221; custom_padding=&#8221;||||false|false&#8221; border_width_all=&#8221;1px&#8221; border_color_all=&#8221;#FFFFFF&#8221; global_colors_info=&#8221;{}&#8221;][\/et_pb_image][et_pb_text _builder_version=&#8221;4.12.0&#8243; _module_preset=&#8221;default&#8221; header_2_font=&#8221;Roboto|300|||||||&#8221; header_2_text_color=&#8221;#FFFFFF&#8221; header_2_font_size=&#8221;18px&#8221; header_2_letter_spacing=&#8221;4px&#8221; custom_margin=&#8221;-40px|50px||50px|false|false&#8221; custom_margin_tablet=&#8221;-40px|50px||50px|false|false&#8221; custom_margin_phone=&#8221;-50px|||10px|false|false&#8221; custom_margin_last_edited=&#8221;on|phone&#8221; header_2_font_size_tablet=&#8221;18px&#8221; header_2_font_size_phone=&#8221;15px&#8221; header_2_font_size_last_edited=&#8221;on|phone&#8221; global_colors_info=&#8221;{}&#8221;]<\/p>\n<h2>SISTEMA IMPERMEABILE BITUMINOSO AD ELEVATA RIFLETTANZA SOLARE<\/h2>\n<p>[\/et_pb_text][\/et_pb_column][\/et_pb_row][\/et_pb_section][et_pb_section fb_built=&#8221;1&#8243; admin_label=&#8221;Features&#8221; _builder_version=&#8221;4.9.3&#8243; background_color=&#8221;#000000&#8243; custom_padding=&#8221;0px||27px||false|false&#8221; global_colors_info=&#8221;{}&#8221;][et_pb_row _builder_version=&#8221;4.9.3&#8243; custom_margin=&#8221;|||&#8221; custom_padding=&#8221;0px||0px|||&#8221; global_colors_info=&#8221;{}&#8221;][et_pb_column type=&#8221;4_4&#8243; _builder_version=&#8221;3.25&#8243; custom_padding=&#8221;|||&#8221; global_colors_info=&#8221;{}&#8221; custom_padding__hover=&#8221;|||&#8221;][et_pb_button button_url=&#8221;https:\/\/cassaniasfalti.it\/contatti\/&#8221; button_text=&#8221;Contattaci per un sopralluogo&#8221; button_alignment=&#8221;center&#8221; _builder_version=&#8221;4.12.0&#8243; custom_button=&#8221;on&#8221; button_text_size=&#8221;15px&#8221; button_bg_color=&#8221;#000000&#8243; button_border_width=&#8221;1px&#8221; button_border_color=&#8221;#FFFFFF&#8221; button_border_radius=&#8221;0px&#8221; button_letter_spacing=&#8221;1px&#8221; button_font=&#8221;Roboto|300||on|||||&#8221; button_icon=&#8221;%%109%%&#8221; background_layout=&#8221;dark&#8221; custom_margin=&#8221;0px||0px||false|false&#8221; custom_padding=&#8221;12px|30px|10px|30px||&#8221; mix_blend_mode=&#8221;overlay&#8221; button_text_size_tablet=&#8221;15px&#8221; button_text_size_phone=&#8221;12px&#8221; button_text_size_last_edited=&#8221;on|phone&#8221; box_shadow_style=&#8221;preset3&#8243; box_shadow_color=&#8221;rgba(60,57,230,0.15)&#8221; button_letter_spacing_hover=&#8221;1px&#8221; locked=&#8221;off&#8221; global_colors_info=&#8221;{}&#8221; button_text_size__hover_enabled=&#8221;off&#8221; button_one_text_size__hover_enabled=&#8221;off&#8221; button_two_text_size__hover_enabled=&#8221;off&#8221; button_text_color__hover_enabled=&#8221;off&#8221; button_one_text_color__hover_enabled=&#8221;off&#8221; button_two_text_color__hover_enabled=&#8221;off&#8221; button_border_width__hover_enabled=&#8221;off&#8221; button_one_border_width__hover_enabled=&#8221;off&#8221; button_two_border_width__hover_enabled=&#8221;off&#8221; button_border_color__hover_enabled=&#8221;off&#8221; button_one_border_color__hover_enabled=&#8221;off&#8221; button_two_border_color__hover_enabled=&#8221;off&#8221; button_border_radius__hover_enabled=&#8221;off&#8221; button_one_border_radius__hover_enabled=&#8221;off&#8221; button_two_border_radius__hover_enabled=&#8221;off&#8221; button_letter_spacing__hover_enabled=&#8221;on|hover&#8221; button_letter_spacing__hover=&#8221;1px&#8221; button_one_letter_spacing__hover_enabled=&#8221;off&#8221; button_two_letter_spacing__hover_enabled=&#8221;off&#8221; button_bg_color__hover_enabled=&#8221;off&#8221; button_one_bg_color__hover_enabled=&#8221;off&#8221; button_two_bg_color__hover_enabled=&#8221;off&#8221;][\/et_pb_button][\/et_pb_column][\/et_pb_row][\/et_pb_section][et_pb_section fb_built=&#8221;1&#8243; admin_label=&#8221;Features&#8221; _builder_version=&#8221;4.9.3&#8243; background_color=&#8221;#000000&#8243; custom_padding=&#8221;0px||0px||false|false&#8221; locked=&#8221;off&#8221; global_colors_info=&#8221;{}&#8221;][et_pb_row column_structure=&#8221;1_4,1_4,1_4,1_4&#8243; _builder_version=&#8221;4.9.3&#8243; max_width=&#8221;1440px&#8221; custom_margin=&#8221;|||&#8221; use_custom_width=&#8221;on&#8221; custom_width_px=&#8221;1440px&#8221; global_colors_info=&#8221;{}&#8221;][et_pb_column type=&#8221;1_4&#8243; _builder_version=&#8221;3.25&#8243; custom_padding=&#8221;|||&#8221; global_colors_info=&#8221;{}&#8221; custom_padding__hover=&#8221;|||&#8221;][et_pb_blurb title=&#8221;Chiamaci:&#8221; use_icon=&#8221;on&#8221; font_icon=&#8221;%%264%%&#8221; icon_color=&#8221;#FFFFFF&#8221; use_icon_font_size=&#8221;on&#8221; icon_font_size=&#8221;40px&#8221; _builder_version=&#8221;4.11.4&#8243; header_font=&#8221;Roboto|300|||||||&#8221; header_text_color=&#8221;#FFFFFF&#8221; header_font_size=&#8221;15px&#8221; header_letter_spacing=&#8221;1px&#8221; header_line_height=&#8221;1.4em&#8221; body_font=&#8221;Roboto||||||||&#8221; body_text_color=&#8221;#FFFFFF&#8221; body_font_size=&#8221;16px&#8221; body_line_height=&#8221;1.6em&#8221; background_enable_color=&#8221;off&#8221; text_orientation=&#8221;center&#8221; custom_margin=&#8221;|||&#8221; animation=&#8221;off&#8221; global_colors_info=&#8221;{}&#8221;]<\/p>\n<p>0290377745<\/p>\n<p>[\/et_pb_blurb][\/et_pb_column][et_pb_column type=&#8221;1_4&#8243; _builder_version=&#8221;3.25&#8243; custom_padding=&#8221;|||&#8221; global_colors_info=&#8221;{}&#8221; custom_padding__hover=&#8221;|||&#8221;][et_pb_blurb title=&#8221;Scrivici:&#8221; use_icon=&#8221;on&#8221; font_icon=&#8221;%%109%%&#8221; icon_color=&#8221;#FFFFFF&#8221; use_icon_font_size=&#8221;on&#8221; icon_font_size=&#8221;40px&#8221; _builder_version=&#8221;4.11.4&#8243; header_font=&#8221;Roboto|300|||||||&#8221; header_text_color=&#8221;#FFFFFF&#8221; header_font_size=&#8221;15px&#8221; header_letter_spacing=&#8221;1px&#8221; header_line_height=&#8221;1.4em&#8221; body_font=&#8221;Roboto||||||||&#8221; body_text_color=&#8221;#FFFFFF&#8221; body_font_size=&#8221;16px&#8221; body_line_height=&#8221;1.6em&#8221; background_enable_color=&#8221;off&#8221; text_orientation=&#8221;center&#8221; custom_margin=&#8221;|||&#8221; animation=&#8221;off&#8221; global_colors_info=&#8221;{}&#8221;]<\/p>\n<p>info@cassaniasfalti.it<\/p>\n<p>[\/et_pb_blurb][\/et_pb_column][et_pb_column type=&#8221;1_4&#8243; _builder_version=&#8221;4.9.3&#8243; _module_preset=&#8221;default&#8221; global_colors_info=&#8221;{}&#8221;][et_pb_blurb title=&#8221;La nostra Sede:&#8221; use_icon=&#8221;on&#8221; font_icon=&#8221;%%270%%&#8221; icon_color=&#8221;#FFFFFF&#8221; use_icon_font_size=&#8221;on&#8221; icon_font_size=&#8221;40px&#8221; _builder_version=&#8221;4.11.4&#8243; header_font=&#8221;Roboto|300|||||||&#8221; header_text_color=&#8221;#FFFFFF&#8221; header_font_size=&#8221;15px&#8221; header_letter_spacing=&#8221;1px&#8221; header_line_height=&#8221;1.4em&#8221; body_font=&#8221;Roboto||||||||&#8221; body_text_color=&#8221;#FFFFFF&#8221; body_font_size=&#8221;16px&#8221; body_line_height=&#8221;1.6em&#8221; background_enable_color=&#8221;off&#8221; text_orientation=&#8221;center&#8221; custom_margin=&#8221;|||&#8221; animation=&#8221;off&#8221; link_option_url=&#8221;https:\/\/www.google.com\/maps\/place\/Cassani+Asfalti\/@45.494986,8.939084,11z\/data=!4m5!3m4!1s0x0:0x562468c179a370f0!8m2!3d45.4949841!4d8.9390958?hl=it-IT&#8221; link_option_url_new_window=&#8221;on&#8221; global_colors_info=&#8221;{}&#8221;]<\/p>\n<p>Via Della Corte Bruciata, 21<br \/>20010 Vanzago (MI)<\/p>\n<p>[\/et_pb_blurb][\/et_pb_column][et_pb_column type=&#8221;1_4&#8243; _builder_version=&#8221;4.9.3&#8243; _module_preset=&#8221;default&#8221; global_colors_info=&#8221;{}&#8221;][et_pb_blurb title=&#8221;Social:&#8221; use_icon=&#8221;on&#8221; font_icon=&#8221;%%314%%&#8221; icon_color=&#8221;#FFFFFF&#8221; use_icon_font_size=&#8221;on&#8221; icon_font_size=&#8221;40px&#8221; _builder_version=&#8221;4.11.4&#8243; header_font=&#8221;Roboto|300|||||||&#8221; header_text_color=&#8221;#FFFFFF&#8221; header_font_size=&#8221;15px&#8221; header_letter_spacing=&#8221;1px&#8221; header_line_height=&#8221;1.4em&#8221; body_font=&#8221;Roboto||||||||&#8221; body_text_color=&#8221;#FFFFFF&#8221; body_font_size=&#8221;16px&#8221; body_line_height=&#8221;1.6em&#8221; background_enable_color=&#8221;off&#8221; text_orientation=&#8221;center&#8221; custom_margin=&#8221;|||&#8221; animation=&#8221;off&#8221; link_option_url=&#8221;https:\/\/www.facebook.com\/CassaniAsfaltiMilano&#8221; link_option_url_new_window=&#8221;on&#8221; global_colors_info=&#8221;{}&#8221;]<\/p>\n<p>Cassani Asfalti srl<\/p>\n<p>[\/et_pb_blurb][\/et_pb_column][\/et_pb_row][et_pb_row _builder_version=&#8221;4.9.3&#8243; _module_preset=&#8221;default&#8221; custom_padding=&#8221;||6px|||&#8221; global_colors_info=&#8221;{}&#8221;][et_pb_column type=&#8221;4_4&#8243; _builder_version=&#8221;4.9.3&#8243; _module_preset=&#8221;default&#8221; global_colors_info=&#8221;{}&#8221;][et_pb_divider color=&#8221;#FFFFFF&#8221; _builder_version=&#8221;4.9.3&#8243; _module_preset=&#8221;default&#8221; global_colors_info=&#8221;{}&#8221;][\/et_pb_divider][\/et_pb_column][\/et_pb_row][\/et_pb_section][et_pb_section fb_built=&#8221;1&#8243; _builder_version=&#8221;4.9.3&#8243; _module_preset=&#8221;default&#8221; background_color=&#8221;#000000&#8243; custom_padding=&#8221;0px||0px|||&#8221; global_colors_info=&#8221;{}&#8221;][et_pb_row use_custom_gutter=&#8221;on&#8221; gutter_width=&#8221;2&#8243; make_equal=&#8221;on&#8221; _builder_version=&#8221;4.9.3&#8243; _module_preset=&#8221;default&#8221; width=&#8221;100%&#8221; max_width=&#8221;1400px&#8221; custom_padding=&#8221;3px||4px|||&#8221; global_colors_info=&#8221;{}&#8221;][et_pb_column type=&#8221;4_4&#8243; _builder_version=&#8221;4.9.3&#8243; _module_preset=&#8221;default&#8221; global_colors_info=&#8221;{}&#8221;][et_pb_menu menu_style=&#8221;centered&#8221; submenu_direction=&#8221;upwards&#8221; active_link_color=&#8221;#FFFFFF&#8221; logo_max_width=&#8221;60%&#8221; _builder_version=&#8221;4.11.4&#8243; _module_preset=&#8221;default&#8221; menu_font=&#8221;Roboto|700|||||||&#8221; menu_text_color=&#8221;#FFFFFF&#8221; menu_font_size=&#8221;15px&#8221; background_color=&#8221;#000000&#8243; global_colors_info=&#8221;{}&#8221;][\/et_pb_menu][\/et_pb_column][\/et_pb_row][\/et_pb_section][et_pb_section fb_built=&#8221;1&#8243; _builder_version=&#8221;4.9.3&#8243; _module_preset=&#8221;default&#8221; background_color=&#8221;#000000&#8243; custom_margin=&#8221;||||false|false&#8221; custom_padding=&#8221;0px||0px||false|false&#8221; global_colors_info=&#8221;{}&#8221;][et_pb_row _builder_version=&#8221;4.9.3&#8243; _module_preset=&#8221;default&#8221; custom_padding=&#8221;||||false|false&#8221; global_colors_info=&#8221;{}&#8221;][et_pb_column type=&#8221;4_4&#8243; _builder_version=&#8221;4.9.3&#8243; _module_preset=&#8221;default&#8221; global_colors_info=&#8221;{}&#8221;][et_pb_text _builder_version=&#8221;4.12.0&#8243; _module_preset=&#8221;default&#8221; text_font=&#8221;Roboto||||||||&#8221; text_text_color=&#8221;rgba(255,255,255,0.7)&#8221; text_font_size=&#8221;15px&#8221; link_text_color=&#8221;rgba(255,255,255,0.7)&#8221; text_orientation=&#8221;center&#8221; custom_margin=&#8221;15px||||false|false&#8221; custom_padding=&#8221;||||false|false&#8221; hover_enabled=&#8221;0&#8243; global_colors_info=&#8221;{}&#8221; sticky_enabled=&#8221;0&#8243;]<\/p>\n<p>\u00a9 2021 &#8211; P. IVA e C.F.: 07804040967 &#8211; All Rights Reserved &#8211; <a href=\"https:\/\/cassaniasfalti.it\/en\/privacy-policy\/\">Privacy Policy<\/a> | <a href=\"https:\/\/cassaniasfalti.it\/en\/cookie-policy\/\">Cookie Policy<\/a> | Powered by ADM<\/p>\n<p>[\/et_pb_text][\/et_pb_column][\/et_pb_row][\/et_pb_section]<\/p>\n","protected":false},"excerpt":{"rendered":"<p>Sistema Impermeabile Bituminoso Ad Elevata Riflettanza Solare Le membrane impermeabilizzante riflettenti sono caratterizzate da una speciale graniglia bianca e sono ideali per l\u2019applicazione su manti ove siano installati gli impianti fotovoltaici e trova specifico impiego nel campo dei \u2018COOL ROOF\u201d.La propriet\u00e0 fondamentale di questa nuova membrana \u00e8 la capacit\u00e0 di riflettere l\u2019irradiazione solare, mantenendo gli [&hellip;]<\/p>\n","protected":false},"author":1,"featured_media":0,"parent":0,"menu_order":0,"comment_status":"closed","ping_status":"closed","template":"","meta":{"_et_pb_use_builder":"on","_et_pb_old_content":"","_et_gb_content_width":"","footnotes":""},"class_list":["post-3149","page","type-page","status-publish","hentry"],"yoast_head":"<!-- This site is optimized with the Yoast SEO plugin v23.1 - https:\/\/yoast.com\/wordpress\/plugins\/seo\/ -->\n<title>CASSANI ASFALTI Azienda con l\u2019idea fissa della qualit\u00e0 di ogni Sistema Impermeabile<\/title>\n<meta name=\"description\" content=\"Siamo l\u2019Azienda sul mercato pi\u00f9 evoluta senza eguali, da noi comprate la giusta soluzione per ogni tipo di struttura e supporti da impermeabilizzare.\" \/>\n<meta name=\"robots\" content=\"index, follow, max-snippet:-1, max-image-preview:large, max-video-preview:-1\" \/>\n<link rel=\"canonical\" href=\"https:\/\/cassaniasfalti.it\/en\/high-solar-reflectance-bituminous-waterproofing-system\/\" \/>\n<meta property=\"og:locale\" content=\"en_US\" \/>\n<meta property=\"og:type\" content=\"article\" \/>\n<meta property=\"og:title\" content=\"CASSANI ASFALTI Azienda con l\u2019idea fissa della qualit\u00e0 di ogni Sistema Impermeabile\" \/>\n<meta property=\"og:description\" content=\"Siamo l\u2019Azienda sul mercato pi\u00f9 evoluta senza eguali, da noi comprate la giusta soluzione per ogni tipo di struttura e supporti da impermeabilizzare.\" \/>\n<meta property=\"og:url\" content=\"https:\/\/cassaniasfalti.it\/en\/high-solar-reflectance-bituminous-waterproofing-system\/\" \/>\n<meta property=\"og:site_name\" content=\"cassaniasfalti.it\" \/>\n<meta property=\"article:modified_time\" content=\"2022-12-21T11:23:26+00:00\" \/>\n<meta name=\"twitter:card\" content=\"summary_large_image\" \/>\n<script type=\"application\/ld+json\" class=\"yoast-schema-graph\">{\"@context\":\"https:\/\/schema.org\",\"@graph\":[{\"@type\":\"WebPage\",\"@id\":\"https:\/\/cassaniasfalti.it\/en\/high-solar-reflectance-bituminous-waterproofing-system\/\",\"url\":\"https:\/\/cassaniasfalti.it\/en\/high-solar-reflectance-bituminous-waterproofing-system\/\",\"name\":\"CASSANI ASFALTI Azienda con l\u2019idea fissa della qualit\u00e0 di ogni Sistema Impermeabile\",\"isPartOf\":{\"@id\":\"https:\/\/cassaniasfalti.it\/en\/#website\"},\"datePublished\":\"2021-11-08T09:58:17+00:00\",\"dateModified\":\"2022-12-21T11:23:26+00:00\",\"description\":\"Siamo l\u2019Azienda sul mercato pi\u00f9 evoluta senza eguali, da noi comprate la giusta soluzione per ogni tipo di struttura e supporti da impermeabilizzare.\",\"breadcrumb\":{\"@id\":\"https:\/\/cassaniasfalti.it\/en\/high-solar-reflectance-bituminous-waterproofing-system\/#breadcrumb\"},\"inLanguage\":\"en-US\",\"potentialAction\":[{\"@type\":\"ReadAction\",\"target\":[\"https:\/\/cassaniasfalti.it\/en\/high-solar-reflectance-bituminous-waterproofing-system\/\"]}]},{\"@type\":\"BreadcrumbList\",\"@id\":\"https:\/\/cassaniasfalti.it\/en\/high-solar-reflectance-bituminous-waterproofing-system\/#breadcrumb\",\"itemListElement\":[{\"@type\":\"ListItem\",\"position\":1,\"name\":\"Home\",\"item\":\"https:\/\/cassaniasfalti.it\/en\/\"},{\"@type\":\"ListItem\",\"position\":2,\"name\":\"HIGH SOLAR REFLECTANCE BITUMINOUS WATERPROOFING SYSTEM\"}]},{\"@type\":\"WebSite\",\"@id\":\"https:\/\/cassaniasfalti.it\/en\/#website\",\"url\":\"https:\/\/cassaniasfalti.it\/en\/\",\"name\":\"cassaniasfalti.it\",\"description\":\"cassaniasfalti.it\",\"potentialAction\":[{\"@type\":\"SearchAction\",\"target\":{\"@type\":\"EntryPoint\",\"urlTemplate\":\"https:\/\/cassaniasfalti.it\/en\/?s={search_term_string}\"},\"query-input\":\"required name=search_term_string\"}],\"inLanguage\":\"en-US\"}]}<\/script>\n<!-- \/ Yoast SEO plugin. -->","yoast_head_json":{"title":"CASSANI ASFALTI Azienda con l\u2019idea fissa della qualit\u00e0 di ogni Sistema Impermeabile","description":"Siamo l\u2019Azienda sul mercato pi\u00f9 evoluta senza eguali, da noi comprate la giusta soluzione per ogni tipo di struttura e supporti da impermeabilizzare.","robots":{"index":"index","follow":"follow","max-snippet":"max-snippet:-1","max-image-preview":"max-image-preview:large","max-video-preview":"max-video-preview:-1"},"canonical":"https:\/\/cassaniasfalti.it\/en\/high-solar-reflectance-bituminous-waterproofing-system\/","og_locale":"en_US","og_type":"article","og_title":"CASSANI ASFALTI Azienda con l\u2019idea fissa della qualit\u00e0 di ogni Sistema Impermeabile","og_description":"Siamo l\u2019Azienda sul mercato pi\u00f9 evoluta senza eguali, da noi comprate la giusta soluzione per ogni tipo di struttura e supporti da impermeabilizzare.","og_url":"https:\/\/cassaniasfalti.it\/en\/high-solar-reflectance-bituminous-waterproofing-system\/","og_site_name":"cassaniasfalti.it","article_modified_time":"2022-12-21T11:23:26+00:00","twitter_card":"summary_large_image","schema":{"@context":"https:\/\/schema.org","@graph":[{"@type":"WebPage","@id":"https:\/\/cassaniasfalti.it\/en\/high-solar-reflectance-bituminous-waterproofing-system\/","url":"https:\/\/cassaniasfalti.it\/en\/high-solar-reflectance-bituminous-waterproofing-system\/","name":"CASSANI ASFALTI Azienda con l\u2019idea fissa della qualit\u00e0 di ogni Sistema Impermeabile","isPartOf":{"@id":"https:\/\/cassaniasfalti.it\/en\/#website"},"datePublished":"2021-11-08T09:58:17+00:00","dateModified":"2022-12-21T11:23:26+00:00","description":"Siamo l\u2019Azienda sul mercato pi\u00f9 evoluta senza eguali, da noi comprate la giusta soluzione per ogni tipo di struttura e supporti da impermeabilizzare.","breadcrumb":{"@id":"https:\/\/cassaniasfalti.it\/en\/high-solar-reflectance-bituminous-waterproofing-system\/#breadcrumb"},"inLanguage":"en-US","potentialAction":[{"@type":"ReadAction","target":["https:\/\/cassaniasfalti.it\/en\/high-solar-reflectance-bituminous-waterproofing-system\/"]}]},{"@type":"BreadcrumbList","@id":"https:\/\/cassaniasfalti.it\/en\/high-solar-reflectance-bituminous-waterproofing-system\/#breadcrumb","itemListElement":[{"@type":"ListItem","position":1,"name":"Home","item":"https:\/\/cassaniasfalti.it\/en\/"},{"@type":"ListItem","position":2,"name":"HIGH SOLAR REFLECTANCE BITUMINOUS WATERPROOFING SYSTEM"}]},{"@type":"WebSite","@id":"https:\/\/cassaniasfalti.it\/en\/#website","url":"https:\/\/cassaniasfalti.it\/en\/","name":"cassaniasfalti.it","description":"cassaniasfalti.it","potentialAction":[{"@type":"SearchAction","target":{"@type":"EntryPoint","urlTemplate":"https:\/\/cassaniasfalti.it\/en\/?s={search_term_string}"},"query-input":"required name=search_term_string"}],"inLanguage":"en-US"}]}},"_links":{"self":[{"href":"https:\/\/cassaniasfalti.it\/en\/wp-json\/wp\/v2\/pages\/3149"}],"collection":[{"href":"https:\/\/cassaniasfalti.it\/en\/wp-json\/wp\/v2\/pages"}],"about":[{"href":"https:\/\/cassaniasfalti.it\/en\/wp-json\/wp\/v2\/types\/page"}],"author":[{"embeddable":true,"href":"https:\/\/cassaniasfalti.it\/en\/wp-json\/wp\/v2\/users\/1"}],"replies":[{"embeddable":true,"href":"https:\/\/cassaniasfalti.it\/en\/wp-json\/wp\/v2\/comments?post=3149"}],"version-history":[{"count":3,"href":"https:\/\/cassaniasfalti.it\/en\/wp-json\/wp\/v2\/pages\/3149\/revisions"}],"predecessor-version":[{"id":3192,"href":"https:\/\/cassaniasfalti.it\/en\/wp-json\/wp\/v2\/pages\/3149\/revisions\/3192"}],"wp:attachment":[{"href":"https:\/\/cassaniasfalti.it\/en\/wp-json\/wp\/v2\/media?parent=3149"}],"curies":[{"name":"wp","href":"https:\/\/api.w.org\/{rel}","templated":true}]}}